{"id":4079,"date":"2024-03-11T10:15:33","date_gmt":"2024-03-11T09:15:33","guid":{"rendered":"http:\/\/www.novaenglishqueralto.com.mialias.net\/english-lounge\/"},"modified":"2024-05-14T16:06:26","modified_gmt":"2024-05-14T14:06:26","slug":"english-lounge","status":"publish","type":"page","link":"https:\/\/www.englishqueralto.com\/en\/english-lounge\/","title":{"rendered":"English Lounge"},"content":{"rendered":"\t\t<div data-elementor-type=\"wp-page\" data-elementor-id=\"4079\" class=\"elementor elementor-4079 elementor-951\">\n\t\t\t\t<div class=\"elementor-element elementor-element-e8fd335 e-flex e-con-boxed e-con e-parent\" data-id=\"e8fd335\" data-element_type=\"container\" data-e-type=\"container\" data-settings=\"{&quot;background_background&quot;:&quot;classic&quot;}\">\n\t\t\t\t\t<div class=\"e-con-inner\">\n\t\t<div class=\"elementor-element elementor-element-cc98393 e-flex e-con-boxed e-con e-child\" data-id=\"cc98393\" data-element_type=\"container\" data-e-type=\"container\" data-settings=\"{&quot;background_background&quot;:&quot;classic&quot;}\">\n\t\t\t\t\t<div class=\"e-con-inner\">\n\t\t\t\t<div class=\"elementor-element elementor-element-c0bf085 elementor-widget elementor-widget-heading\" data-id=\"c0bf085\" data-element_type=\"widget\" data-e-type=\"widget\" data-widget_type=\"heading.default\">\n\t\t\t\t<div class=\"elementor-widget-container\">\n\t\t\t\t\t<h1 class=\"elementor-heading-title elementor-size-default\">English Lounge<\/h1>\t\t\t\t<\/div>\n\t\t\t\t<\/div>\n\t\t\t\t\t<\/div>\n\t\t\t\t<\/div>\n\t\t\t\t\t<\/div>\n\t\t\t\t<\/div>\n\t\t<div class=\"elementor-element elementor-element-27c44c0 e-flex e-con-boxed e-con e-parent\" data-id=\"27c44c0\" data-element_type=\"container\" data-e-type=\"container\">\n\t\t\t\t\t<div class=\"e-con-inner\">\n\t\t\t\t<div class=\"elementor-element elementor-element-9a4b88b elementor-widget elementor-widget-text-editor\" data-id=\"9a4b88b\" data-element_type=\"widget\" data-e-type=\"widget\" data-widget_type=\"text-editor.default\">\n\t\t\t\t<div class=\"elementor-widget-container\">\n\t\t\t\t\t\t\t\t\t<p>Our librarian is a constant presence for all our students. She is always ready to engage in conversations in English and provide them with a proper environment to practice and improve their speaking, listening, and grammar skills. She helps them revise everything they don&#8217;t understand from school, from our academy classes, she plays board games with them, and conducts &#8220;speaking&#8221; classes both in person and online; all in English, of course!<\/p><p>In addition, our students have access to a wide range of resources:<\/p><ul><li>8 computers for watching movies, playing games in English, or doing schoolwork.<\/li><li>Hundreds of books and magazines in English for all tastes and levels.<\/li><li>Wifi connection to connect their devices and access online resources.<\/li><li>Work tables for homework, studying, and reading.<\/li><li>Sofas to relax and chill out, watch TV with wireless headphones, chat with friends, or revise before class.<\/li><\/ul><p>This space is ideal for our students, whether they are children, teenagers, or adults, to practise and improve their English at any time of the day. We are open in the afternoons and evenings from Monday to Friday.<\/p>\t\t\t\t\t\t\t\t<\/div>\n\t\t\t\t<\/div>\n\t\t\t\t\t<\/div>\n\t\t\t\t<\/div>\n\t\t<div class=\"elementor-element elementor-element-d8333a7 e-con-full e-flex e-con e-parent\" data-id=\"d8333a7\" data-element_type=\"container\" data-e-type=\"container\">\n\t\t\t\t<div class=\"elementor-element elementor-element-07c58d6 elementor-arrows-position-inside elementor-pagination-position-outside elementor-widget elementor-widget-image-carousel\" data-id=\"07c58d6\" data-element_type=\"widget\" data-e-type=\"widget\" data-settings=\"{&quot;slides_to_show&quot;:&quot;3&quot;,&quot;navigation&quot;:&quot;both&quot;,&quot;autoplay&quot;:&quot;yes&quot;,&quot;pause_on_hover&quot;:&quot;yes&quot;,&quot;pause_on_interaction&quot;:&quot;yes&quot;,&quot;autoplay_speed&quot;:5000,&quot;infinite&quot;:&quot;yes&quot;,&quot;speed&quot;:500,&quot;image_spacing_custom&quot;:{&quot;unit&quot;:&quot;px&quot;,&quot;size&quot;:20,&quot;sizes&quot;:[]},&quot;image_spacing_custom_tablet&quot;:{&quot;unit&quot;:&quot;px&quot;,&quot;size&quot;:&quot;&quot;,&quot;sizes&quot;:[]},&quot;image_spacing_custom_mobile&quot;:{&quot;unit&quot;:&quot;px&quot;,&quot;size&quot;:&quot;&quot;,&quot;sizes&quot;:[]}}\" data-widget_type=\"image-carousel.default\">\n\t\t\t\t<div class=\"elementor-widget-container\">\n\t\t\t\t\t\t\t<div class=\"elementor-image-carousel-wrapper swiper\" role=\"region\" aria-roledescription=\"carousel\" aria-label=\"Image Carousel\" dir=\"ltr\">\n\t\t\t<div class=\"elementor-image-carousel swiper-wrapper\" aria-live=\"off\">\n\t\t\t\t\t\t\t\t<div class=\"swiper-slide\" role=\"group\" aria-roledescription=\"slide\" aria-label=\"1 of 12\"><figure class=\"swiper-slide-inner\"><img decoding=\"async\" class=\"swiper-slide-image\" src=\"https:\/\/www.englishqueralto.com\/wp-content\/uploads\/2024\/05\/IMG_9172.jpg\" alt=\"IMG_9172.jpg\" \/><\/figure><\/div><div class=\"swiper-slide\" role=\"group\" aria-roledescription=\"slide\" aria-label=\"2 of 12\"><figure class=\"swiper-slide-inner\"><img decoding=\"async\" class=\"swiper-slide-image\" src=\"https:\/\/www.englishqueralto.com\/wp-content\/uploads\/2024\/05\/IMG_9168.jpg\" alt=\"IMG_9168.jpg\" \/><\/figure><\/div><div class=\"swiper-slide\" role=\"group\" aria-roledescription=\"slide\" aria-label=\"3 of 12\"><figure class=\"swiper-slide-inner\"><img decoding=\"async\" class=\"swiper-slide-image\" src=\"https:\/\/www.englishqueralto.com\/wp-content\/uploads\/2024\/05\/IMG_9194.jpg\" alt=\"IMG_9194.jpg\" \/><\/figure><\/div><div class=\"swiper-slide\" role=\"group\" aria-roledescription=\"slide\" aria-label=\"4 of 12\"><figure class=\"swiper-slide-inner\"><img decoding=\"async\" class=\"swiper-slide-image\" src=\"https:\/\/www.englishqueralto.com\/wp-content\/uploads\/2024\/05\/IMG_9188.jpg\" alt=\"IMG_9188.jpg\" \/><\/figure><\/div><div class=\"swiper-slide\" role=\"group\" aria-roledescription=\"slide\" aria-label=\"5 of 12\"><figure class=\"swiper-slide-inner\"><img decoding=\"async\" class=\"swiper-slide-image\" src=\"https:\/\/www.englishqueralto.com\/wp-content\/uploads\/2024\/05\/IMG_9198.jpg\" alt=\"IMG_9198.jpg\" \/><\/figure><\/div><div class=\"swiper-slide\" role=\"group\" aria-roledescription=\"slide\" aria-label=\"6 of 12\"><figure class=\"swiper-slide-inner\"><img decoding=\"async\" class=\"swiper-slide-image\" src=\"https:\/\/www.englishqueralto.com\/wp-content\/uploads\/2024\/05\/IMG_9192.jpg\" alt=\"IMG_9192.jpg\" \/><\/figure><\/div><div class=\"swiper-slide\" role=\"group\" aria-roledescription=\"slide\" aria-label=\"7 of 12\"><figure class=\"swiper-slide-inner\"><img decoding=\"async\" class=\"swiper-slide-image\" src=\"https:\/\/www.englishqueralto.com\/wp-content\/uploads\/2024\/05\/IMG_9610.jpg\" alt=\"IMG_9610.jpg\" \/><\/figure><\/div><div class=\"swiper-slide\" role=\"group\" aria-roledescription=\"slide\" aria-label=\"8 of 12\"><figure class=\"swiper-slide-inner\"><img decoding=\"async\" class=\"swiper-slide-image\" src=\"https:\/\/www.englishqueralto.com\/wp-content\/uploads\/2024\/05\/DSC_0005.jpg\" alt=\"DSC_0005.jpg\" \/><\/figure><\/div><div class=\"swiper-slide\" role=\"group\" aria-roledescription=\"slide\" aria-label=\"9 of 12\"><figure class=\"swiper-slide-inner\"><img decoding=\"async\" class=\"swiper-slide-image\" src=\"https:\/\/www.englishqueralto.com\/wp-content\/uploads\/2024\/05\/DSC_0009.jpg\" alt=\"DSC_0009.jpg\" \/><\/figure><\/div><div class=\"swiper-slide\" role=\"group\" aria-roledescription=\"slide\" aria-label=\"10 of 12\"><figure class=\"swiper-slide-inner\"><img decoding=\"async\" class=\"swiper-slide-image\" src=\"https:\/\/www.englishqueralto.com\/wp-content\/uploads\/2024\/05\/DSC_0026.jpg\" alt=\"DSC_0026.jpg\" \/><\/figure><\/div><div class=\"swiper-slide\" role=\"group\" aria-roledescription=\"slide\" aria-label=\"11 of 12\"><figure class=\"swiper-slide-inner\"><img decoding=\"async\" class=\"swiper-slide-image\" src=\"https:\/\/www.englishqueralto.com\/wp-content\/uploads\/2024\/05\/DSC_0001.jpg\" alt=\"DSC_0001.jpg\" \/><\/figure><\/div><div class=\"swiper-slide\" role=\"group\" aria-roledescription=\"slide\" aria-label=\"12 of 12\"><figure class=\"swiper-slide-inner\"><img decoding=\"async\" class=\"swiper-slide-image\" src=\"https:\/\/www.englishqueralto.com\/wp-content\/uploads\/2024\/05\/DSC_0003.jpg\" alt=\"DSC_0003.jpg\" \/><\/figure><\/div>\t\t\t<\/div>\n\t\t\t\t\t\t\t\t\t\t\t\t<div class=\"elementor-swiper-button elementor-swiper-button-prev\" role=\"button\" tabindex=\"0\">\n\t\t\t\t\t\t<svg aria-hidden=\"true\" class=\"e-font-icon-svg e-eicon-chevron-left\" viewBox=\"0 0 1000 1000\" xmlns=\"http:\/\/www.w3.org\/2000\/svg\"><path d=\"M646 125C629 125 613 133 604 142L308 442C296 454 292 471 292 487 292 504 296 521 308 533L604 854C617 867 629 875 646 875 663 875 679 871 692 858 704 846 713 829 713 812 713 796 708 779 692 767L438 487 692 225C700 217 708 204 708 187 708 171 704 154 692 142 675 129 663 125 646 125Z\"><\/path><\/svg>\t\t\t\t\t<\/div>\n\t\t\t\t\t<div class=\"elementor-swiper-button elementor-swiper-button-next\" role=\"button\" tabindex=\"0\">\n\t\t\t\t\t\t<svg aria-hidden=\"true\" class=\"e-font-icon-svg e-eicon-chevron-right\" viewBox=\"0 0 1000 1000\" xmlns=\"http:\/\/www.w3.org\/2000\/svg\"><path d=\"M696 533C708 521 713 504 713 487 713 471 708 454 696 446L400 146C388 133 375 125 354 125 338 125 325 129 313 142 300 154 292 171 292 187 292 204 296 221 308 233L563 492 304 771C292 783 288 800 288 817 288 833 296 850 308 863 321 871 338 875 354 875 371 875 388 867 400 854L696 533Z\"><\/path><\/svg>\t\t\t\t\t<\/div>\n\t\t\t\t\n\t\t\t\t\t\t\t\t\t<div class=\"swiper-pagination\"><\/div>\n\t\t\t\t\t\t\t\t\t<\/div>\n\t\t\t\t\t\t<\/div>\n\t\t\t\t<\/div>\n\t\t\t\t<\/div>\n\t\t\t\t<\/div>\n\t\t","protected":false},"excerpt":{"rendered":"<p>English Lounge Our librarian is a constant presence for all our students. She is always ready to engage in conversations in English and provide them with a proper environment to practice and improve their speaking, listening, and grammar skills. She helps them revise everything they don&#8217;t understand from school, from our academy classes, she plays [&hellip;]<\/p>\n","protected":false},"author":2,"featured_media":0,"parent":0,"menu_order":0,"comment_status":"closed","ping_status":"closed","template":"","meta":{"site-sidebar-layout":"no-sidebar","site-content-layout":"page-builder","ast-site-content-layout":"full-width-container","site-content-style":"default","site-sidebar-style":"default","ast-global-header-display":"","ast-banner-title-visibility":"","ast-main-header-display":"","ast-hfb-above-header-display":"","ast-hfb-below-header-display":"","ast-hfb-mobile-header-display":"","site-post-title":"disabled","ast-breadcrumbs-content":"","ast-featured-img":"disabled","footer-sml-layout":"","ast-disable-related-posts":"","theme-transparent-header-meta":"","adv-header-id-meta":"","stick-header-meta":"","header-above-stick-meta":"","header-main-stick-meta":"","header-below-stick-meta":"","astra-migrate-meta-layouts":"set","ast-page-background-enabled":"default","ast-page-background-meta":{"desktop":{"background-color":"","background-image":"","background-repeat":"repeat","background-position":"center center","background-size":"auto","background-attachment":"scroll","background-type":"","background-media":"","overlay-type":"","overlay-color":"","overlay-opacity":"","overlay-gradient":""},"tablet":{"background-color":"","background-image":"","background-repeat":"repeat","background-position":"center center","background-size":"auto","background-attachment":"scroll","background-type":"","background-media":"","overlay-type":"","overlay-color":"","overlay-opacity":"","overlay-gradient":""},"mobile":{"background-color":"","background-image":"","background-repeat":"repeat","background-position":"center center","background-size":"auto","background-attachment":"scroll","background-type":"","background-media":"","overlay-type":"","overlay-color":"","overlay-opacity":"","overlay-gradient":""}},"ast-content-background-meta":{"desktop":{"background-color":"var(--ast-global-color-5)","background-image":"","background-repeat":"repeat","background-position":"center center","background-size":"auto","background-attachment":"scroll","background-type":"","background-media":"","overlay-type":"","overlay-color":"","overlay-opacity":"","overlay-gradient":""},"tablet":{"background-color":"var(--ast-global-color-5)","background-image":"","background-repeat":"repeat","background-position":"center center","background-size":"auto","background-attachment":"scroll","background-type":"","background-media":"","overlay-type":"","overlay-color":"","overlay-opacity":"","overlay-gradient":""},"mobile":{"background-color":"var(--ast-global-color-5)","background-image":"","background-repeat":"repeat","background-position":"center center","background-size":"auto","background-attachment":"scroll","background-type":"","background-media":"","overlay-type":"","overlay-color":"","overlay-opacity":"","overlay-gradient":""}},"_joinchat":[],"footnotes":""},"class_list":["post-4079","page","type-page","status-publish","hentry"],"yoast_head":"<!-- This site is optimized with the Yoast SEO plugin v27.5 - https:\/\/yoast.com\/product\/yoast-seo-wordpress\/ -->\n<title>English Lounge - English Queralt\u00f3 - Angl\u00e8s Vilafranca<\/title>\n<meta name=\"robots\" content=\"index, follow, max-snippet:-1, max-image-preview:large, max-video-preview:-1\" \/>\n<link rel=\"canonical\" href=\"https:\/\/www.englishqueralto.com\/en\/english-lounge\/\" \/>\n<meta property=\"og:locale\" content=\"en_US\" \/>\n<meta property=\"og:type\" content=\"article\" \/>\n<meta property=\"og:title\" content=\"English Lounge - English Queralt\u00f3 - Angl\u00e8s Vilafranca\" \/>\n<meta property=\"og:description\" content=\"English Lounge Our librarian is a constant presence for all our students. She is always ready to engage in conversations in English and provide them with a proper environment to practice and improve their speaking, listening, and grammar skills. She helps them revise everything they don&#8217;t understand from school, from our academy classes, she plays [&hellip;]\" \/>\n<meta property=\"og:url\" content=\"https:\/\/www.englishqueralto.com\/en\/english-lounge\/\" \/>\n<meta property=\"og:site_name\" content=\"English Queralt\u00f3 - Angl\u00e8s Vilafranca\" \/>\n<meta property=\"article:modified_time\" content=\"2024-05-14T14:06:26+00:00\" \/>\n<meta property=\"og:image\" content=\"https:\/\/www.englishqueralto.com\/wp-content\/uploads\/2024\/05\/IMG_9172.jpg\" \/>\n<meta name=\"twitter:card\" content=\"summary_large_image\" \/>\n<meta name=\"twitter:label1\" content=\"Est. reading time\" \/>\n\t<meta name=\"twitter:data1\" content=\"1 minute\" \/>\n<script type=\"application\/ld+json\" class=\"yoast-schema-graph\">{\"@context\":\"https:\\\/\\\/schema.org\",\"@graph\":[{\"@type\":\"WebPage\",\"@id\":\"https:\\\/\\\/www.englishqueralto.com\\\/en\\\/english-lounge\\\/\",\"url\":\"https:\\\/\\\/www.englishqueralto.com\\\/en\\\/english-lounge\\\/\",\"name\":\"English Lounge - English Queralt\u00f3 - Angl\u00e8s Vilafranca\",\"isPartOf\":{\"@id\":\"https:\\\/\\\/www.englishqueralto.com\\\/#website\"},\"primaryImageOfPage\":{\"@id\":\"https:\\\/\\\/www.englishqueralto.com\\\/en\\\/english-lounge\\\/#primaryimage\"},\"image\":{\"@id\":\"https:\\\/\\\/www.englishqueralto.com\\\/en\\\/english-lounge\\\/#primaryimage\"},\"thumbnailUrl\":\"https:\\\/\\\/www.englishqueralto.com\\\/wp-content\\\/uploads\\\/2024\\\/05\\\/IMG_9172.jpg\",\"datePublished\":\"2024-03-11T09:15:33+00:00\",\"dateModified\":\"2024-05-14T14:06:26+00:00\",\"breadcrumb\":{\"@id\":\"https:\\\/\\\/www.englishqueralto.com\\\/en\\\/english-lounge\\\/#breadcrumb\"},\"inLanguage\":\"en-US\",\"potentialAction\":[{\"@type\":\"ReadAction\",\"target\":[\"https:\\\/\\\/www.englishqueralto.com\\\/en\\\/english-lounge\\\/\"]}]},{\"@type\":\"ImageObject\",\"inLanguage\":\"en-US\",\"@id\":\"https:\\\/\\\/www.englishqueralto.com\\\/en\\\/english-lounge\\\/#primaryimage\",\"url\":\"https:\\\/\\\/www.englishqueralto.com\\\/wp-content\\\/uploads\\\/2024\\\/05\\\/IMG_9172.jpg\",\"contentUrl\":\"https:\\\/\\\/www.englishqueralto.com\\\/wp-content\\\/uploads\\\/2024\\\/05\\\/IMG_9172.jpg\"},{\"@type\":\"BreadcrumbList\",\"@id\":\"https:\\\/\\\/www.englishqueralto.com\\\/en\\\/english-lounge\\\/#breadcrumb\",\"itemListElement\":[{\"@type\":\"ListItem\",\"position\":1,\"name\":\"Inici\",\"item\":\"https:\\\/\\\/www.englishqueralto.com\\\/en\\\/\"},{\"@type\":\"ListItem\",\"position\":2,\"name\":\"English Lounge\"}]},{\"@type\":\"WebSite\",\"@id\":\"https:\\\/\\\/www.englishqueralto.com\\\/#website\",\"url\":\"https:\\\/\\\/www.englishqueralto.com\\\/\",\"name\":\"English Queralt\u00f3\",\"description\":\"L&#039;acad\u00e8mia d&#039;angl\u00e8s de Vilafranca del Pened\u00e8s\",\"publisher\":{\"@id\":\"https:\\\/\\\/www.englishqueralto.com\\\/#organization\"},\"potentialAction\":[{\"@type\":\"SearchAction\",\"target\":{\"@type\":\"EntryPoint\",\"urlTemplate\":\"https:\\\/\\\/www.englishqueralto.com\\\/?s={search_term_string}\"},\"query-input\":{\"@type\":\"PropertyValueSpecification\",\"valueRequired\":true,\"valueName\":\"search_term_string\"}}],\"inLanguage\":\"en-US\"},{\"@type\":\"Organization\",\"@id\":\"https:\\\/\\\/www.englishqueralto.com\\\/#organization\",\"name\":\"English Queralt\u00f3\",\"url\":\"https:\\\/\\\/www.englishqueralto.com\\\/\",\"logo\":{\"@type\":\"ImageObject\",\"inLanguage\":\"en-US\",\"@id\":\"https:\\\/\\\/www.englishqueralto.com\\\/#\\\/schema\\\/logo\\\/image\\\/\",\"url\":\"https:\\\/\\\/www.englishqueralto.com\\\/wp-content\\\/uploads\\\/2024\\\/01\\\/logo_englishqueralto.png\",\"contentUrl\":\"https:\\\/\\\/www.englishqueralto.com\\\/wp-content\\\/uploads\\\/2024\\\/01\\\/logo_englishqueralto.png\",\"width\":184,\"height\":90,\"caption\":\"English Queralt\u00f3\"},\"image\":{\"@id\":\"https:\\\/\\\/www.englishqueralto.com\\\/#\\\/schema\\\/logo\\\/image\\\/\"}}]}<\/script>\n<!-- \/ Yoast SEO plugin. -->","yoast_head_json":{"title":"English Lounge - English Queralt\u00f3 - Angl\u00e8s Vilafranca","robots":{"index":"index","follow":"follow","max-snippet":"max-snippet:-1","max-image-preview":"max-image-preview:large","max-video-preview":"max-video-preview:-1"},"canonical":"https:\/\/www.englishqueralto.com\/en\/english-lounge\/","og_locale":"en_US","og_type":"article","og_title":"English Lounge - English Queralt\u00f3 - Angl\u00e8s Vilafranca","og_description":"English Lounge Our librarian is a constant presence for all our students. She is always ready to engage in conversations in English and provide them with a proper environment to practice and improve their speaking, listening, and grammar skills. She helps them revise everything they don&#8217;t understand from school, from our academy classes, she plays [&hellip;]","og_url":"https:\/\/www.englishqueralto.com\/en\/english-lounge\/","og_site_name":"English Queralt\u00f3 - Angl\u00e8s Vilafranca","article_modified_time":"2024-05-14T14:06:26+00:00","og_image":[{"url":"https:\/\/www.englishqueralto.com\/wp-content\/uploads\/2024\/05\/IMG_9172.jpg","type":"","width":"","height":""}],"twitter_card":"summary_large_image","twitter_misc":{"Est. reading time":"1 minute"},"schema":{"@context":"https:\/\/schema.org","@graph":[{"@type":"WebPage","@id":"https:\/\/www.englishqueralto.com\/en\/english-lounge\/","url":"https:\/\/www.englishqueralto.com\/en\/english-lounge\/","name":"English Lounge - English Queralt\u00f3 - Angl\u00e8s Vilafranca","isPartOf":{"@id":"https:\/\/www.englishqueralto.com\/#website"},"primaryImageOfPage":{"@id":"https:\/\/www.englishqueralto.com\/en\/english-lounge\/#primaryimage"},"image":{"@id":"https:\/\/www.englishqueralto.com\/en\/english-lounge\/#primaryimage"},"thumbnailUrl":"https:\/\/www.englishqueralto.com\/wp-content\/uploads\/2024\/05\/IMG_9172.jpg","datePublished":"2024-03-11T09:15:33+00:00","dateModified":"2024-05-14T14:06:26+00:00","breadcrumb":{"@id":"https:\/\/www.englishqueralto.com\/en\/english-lounge\/#breadcrumb"},"inLanguage":"en-US","potentialAction":[{"@type":"ReadAction","target":["https:\/\/www.englishqueralto.com\/en\/english-lounge\/"]}]},{"@type":"ImageObject","inLanguage":"en-US","@id":"https:\/\/www.englishqueralto.com\/en\/english-lounge\/#primaryimage","url":"https:\/\/www.englishqueralto.com\/wp-content\/uploads\/2024\/05\/IMG_9172.jpg","contentUrl":"https:\/\/www.englishqueralto.com\/wp-content\/uploads\/2024\/05\/IMG_9172.jpg"},{"@type":"BreadcrumbList","@id":"https:\/\/www.englishqueralto.com\/en\/english-lounge\/#breadcrumb","itemListElement":[{"@type":"ListItem","position":1,"name":"Inici","item":"https:\/\/www.englishqueralto.com\/en\/"},{"@type":"ListItem","position":2,"name":"English Lounge"}]},{"@type":"WebSite","@id":"https:\/\/www.englishqueralto.com\/#website","url":"https:\/\/www.englishqueralto.com\/","name":"English Queralt\u00f3","description":"L&#039;acad\u00e8mia d&#039;angl\u00e8s de Vilafranca del Pened\u00e8s","publisher":{"@id":"https:\/\/www.englishqueralto.com\/#organization"},"potentialAction":[{"@type":"SearchAction","target":{"@type":"EntryPoint","urlTemplate":"https:\/\/www.englishqueralto.com\/?s={search_term_string}"},"query-input":{"@type":"PropertyValueSpecification","valueRequired":true,"valueName":"search_term_string"}}],"inLanguage":"en-US"},{"@type":"Organization","@id":"https:\/\/www.englishqueralto.com\/#organization","name":"English Queralt\u00f3","url":"https:\/\/www.englishqueralto.com\/","logo":{"@type":"ImageObject","inLanguage":"en-US","@id":"https:\/\/www.englishqueralto.com\/#\/schema\/logo\/image\/","url":"https:\/\/www.englishqueralto.com\/wp-content\/uploads\/2024\/01\/logo_englishqueralto.png","contentUrl":"https:\/\/www.englishqueralto.com\/wp-content\/uploads\/2024\/01\/logo_englishqueralto.png","width":184,"height":90,"caption":"English Queralt\u00f3"},"image":{"@id":"https:\/\/www.englishqueralto.com\/#\/schema\/logo\/image\/"}}]}},"_links":{"self":[{"href":"https:\/\/www.englishqueralto.com\/en\/wp-json\/wp\/v2\/pages\/4079","targetHints":{"allow":["GET"]}}],"collection":[{"href":"https:\/\/www.englishqueralto.com\/en\/wp-json\/wp\/v2\/pages"}],"about":[{"href":"https:\/\/www.englishqueralto.com\/en\/wp-json\/wp\/v2\/types\/page"}],"author":[{"embeddable":true,"href":"https:\/\/www.englishqueralto.com\/en\/wp-json\/wp\/v2\/users\/2"}],"replies":[{"embeddable":true,"href":"https:\/\/www.englishqueralto.com\/en\/wp-json\/wp\/v2\/comments?post=4079"}],"version-history":[{"count":0,"href":"https:\/\/www.englishqueralto.com\/en\/wp-json\/wp\/v2\/pages\/4079\/revisions"}],"wp:attachment":[{"href":"https:\/\/www.englishqueralto.com\/en\/wp-json\/wp\/v2\/media?parent=4079"}],"curies":[{"name":"wp","href":"https:\/\/api.w.org\/{rel}","templated":true}]}}