{"id":3826,"date":"2024-03-12T15:42:34","date_gmt":"2024-03-12T14:42:34","guid":{"rendered":"http:\/\/www.novaenglishqueralto.com.mialias.net\/noticies\/"},"modified":"2024-05-14T16:09:42","modified_gmt":"2024-05-14T14:09:42","slug":"noticias","status":"publish","type":"page","link":"https:\/\/www.englishqueralto.com\/es\/noticias\/","title":{"rendered":"Noticias"},"content":{"rendered":"\t\t<div data-elementor-type=\"wp-page\" data-elementor-id=\"3826\" class=\"elementor elementor-3826 elementor-1509\">\n\t\t\t\t<div class=\"elementor-element elementor-element-e8fd335 e-flex e-con-boxed e-con e-parent\" data-id=\"e8fd335\" data-element_type=\"container\" data-e-type=\"container\" data-settings=\"{&quot;background_background&quot;:&quot;classic&quot;}\">\n\t\t\t\t\t<div class=\"e-con-inner\">\n\t\t<div class=\"elementor-element elementor-element-cc98393 e-flex e-con-boxed e-con e-child\" data-id=\"cc98393\" data-element_type=\"container\" data-e-type=\"container\" data-settings=\"{&quot;background_background&quot;:&quot;classic&quot;}\">\n\t\t\t\t\t<div class=\"e-con-inner\">\n\t\t\t\t<div class=\"elementor-element elementor-element-c0bf085 elementor-widget elementor-widget-heading\" data-id=\"c0bf085\" data-element_type=\"widget\" data-e-type=\"widget\" data-widget_type=\"heading.default\">\n\t\t\t\t<div class=\"elementor-widget-container\">\n\t\t\t\t\t<h1 class=\"elementor-heading-title elementor-size-default\">Noticias<\/h1>\t\t\t\t<\/div>\n\t\t\t\t<\/div>\n\t\t\t\t\t<\/div>\n\t\t\t\t<\/div>\n\t\t\t\t\t<\/div>\n\t\t\t\t<\/div>\n\t\t<div class=\"elementor-element elementor-element-69fb5b1 e-flex e-con-boxed e-con e-parent\" data-id=\"69fb5b1\" data-element_type=\"container\" data-e-type=\"container\">\n\t\t\t\t\t<div class=\"e-con-inner\">\n\t\t\t\t<div class=\"elementor-element elementor-element-a9fb7ac elementor-widget elementor-widget-uael-posts\" data-id=\"a9fb7ac\" data-element_type=\"widget\" data-e-type=\"widget\" data-settings=\"{&quot;feed_slides_to_show_tablet&quot;:2,&quot;feed_slides_to_show_mobile&quot;:1,&quot;feed_show_filters&quot;:&quot;no&quot;}\" data-widget_type=\"uael-posts.feed\">\n\t\t\t\t<div class=\"elementor-widget-container\">\n\t\t\t\t\t\t\t<div class=\"uael-post__header\">\n\t\t\t\t\t<\/div>\n\t\t<div class=\"uael-post__body\">\n\t\t\t\n\t\t\n\t\t<div class=\"uael-post-grid uael-posts\" data-query-type=\"custom\" data-structure=\"\" data-layout=\"\" data-page=\"3826\" data-skin=\"feed\" data-filter-default=\"\" data-offset-top=\"30\" >\n\n\t\t\t\t\t\t\t<div class=\"uael-post-grid__inner uael-post__columns-1 uael-post__columns-tablet-1 uael-post__columns-mobile-1 uael-post-infinite-scroll uael-post-infinite__event-scroll\">\n\t\t\t\n\n<div class=\"uael-post-wrapper  noticias \">\n\n\t<div class=\"uael-post__bg-wrap\">\n\t\t\n\t\t\n\t\t<div class=\"uael-post__inner-wrap uael-post__noimage\">\n\n\t\t\n\t\t\t\n\t\t\t<div class=\"uael-post__content-wrap\">\n\n\t\t\t\t\t<h3 class=\"uael-post__title\">\n\n\t\t\n\t\t\t\t\t\t<a href=\"https:\/\/www.englishqueralto.com\/es\/british-summer\/\" target=\"_self\">\n\t\t\t\tBritish Summer\t\t\t<\/a>\n\n\t\t\t\t<\/h3>\n\t\t<div class=\"uael-post__separator\"><\/div>\t\t\t<a class=\"uael-post__read-more elementor-button\" href=\"https:\/\/www.englishqueralto.com\/es\/british-summer\/\" target=\"_self\" aria-labelledby=\"uael-post-3831\">\n\t\t\t\t\t<span class=\"elementor-button-content-wrapper\">\n\t\t\t\t\t\t\t\t\t\t\t\t\t\t<span class=\"elementor-button-icon elementor-align-icon-right\">\n\n\t\t\t\t\t\t\t\t\t\n\t\t\t\t\t\t\t\t<\/span>\n\t\t\t\t\t\t\t\t\t\t\t\t\t\n\t\t\t\t\t\t<span class=\"elementor-button-text\" id=uael-post-3831>+ Info<\/span>\n\t\t\t\t\t<\/span>\n\t\t\t\t<\/a>\n\t\t\t\t\t\t<\/div>\n\t\t\t\n\t\t<\/div>\n\t\t\n\t<\/div>\n\n<\/div>\n\n\n<div class=\"uael-post-wrapper  noticias \">\n\n\t<div class=\"uael-post__bg-wrap\">\n\t\t\n\t\t\n\t\t<div class=\"uael-post__inner-wrap uael-post__noimage\">\n\n\t\t\n\t\t\t\n\t\t\t<div class=\"uael-post__content-wrap\">\n\n\t\t\t\t\t<h3 class=\"uael-post__title\">\n\n\t\t\n\t\t\t\t\t\t<a href=\"https:\/\/www.englishqueralto.com\/es\/british-summer-camps\/\" target=\"_self\">\n\t\t\t\tBritish Summer Camps\t\t\t<\/a>\n\n\t\t\t\t<\/h3>\n\t\t<div class=\"uael-post__separator\"><\/div>\t\t\t<a class=\"uael-post__read-more elementor-button\" href=\"https:\/\/www.englishqueralto.com\/es\/british-summer-camps\/\" target=\"_self\" aria-labelledby=\"uael-post-4007\">\n\t\t\t\t\t<span class=\"elementor-button-content-wrapper\">\n\t\t\t\t\t\t\t\t\t\t\t\t\t\t<span class=\"elementor-button-icon elementor-align-icon-right\">\n\n\t\t\t\t\t\t\t\t\t\n\t\t\t\t\t\t\t\t<\/span>\n\t\t\t\t\t\t\t\t\t\t\t\t\t\n\t\t\t\t\t\t<span class=\"elementor-button-text\" id=uael-post-4007>+ Info<\/span>\n\t\t\t\t\t<\/span>\n\t\t\t\t<\/a>\n\t\t\t\t\t\t<\/div>\n\t\t\t\n\t\t<\/div>\n\t\t\n\t<\/div>\n\n<\/div>\n\n\n<div class=\"uael-post-wrapper  noticias \">\n\n\t<div class=\"uael-post__bg-wrap\">\n\t\t\n\t\t\n\t\t<div class=\"uael-post__inner-wrap uael-post__noimage\">\n\n\t\t\n\t\t\t\n\t\t\t<div class=\"uael-post__content-wrap\">\n\n\t\t\t\t\t<h3 class=\"uael-post__title\">\n\n\t\t\n\t\t\t\t\t\t<a href=\"https:\/\/www.englishqueralto.com\/es\/english-queralto-unidos-con-escuela-vedruna\/\" target=\"_self\">\n\t\t\t\tEnglish Queralt\u00f3 unidos con escuela Vedruna\t\t\t<\/a>\n\n\t\t\t\t<\/h3>\n\t\t<div class=\"uael-post__separator\"><\/div>\t\t\t<a class=\"uael-post__read-more elementor-button\" href=\"https:\/\/www.englishqueralto.com\/es\/english-queralto-unidos-con-escuela-vedruna\/\" target=\"_self\" aria-labelledby=\"uael-post-4018\">\n\t\t\t\t\t<span class=\"elementor-button-content-wrapper\">\n\t\t\t\t\t\t\t\t\t\t\t\t\t\t<span class=\"elementor-button-icon elementor-align-icon-right\">\n\n\t\t\t\t\t\t\t\t\t\n\t\t\t\t\t\t\t\t<\/span>\n\t\t\t\t\t\t\t\t\t\t\t\t\t\n\t\t\t\t\t\t<span class=\"elementor-button-text\" id=uael-post-4018>+ Info<\/span>\n\t\t\t\t\t<\/span>\n\t\t\t\t<\/a>\n\t\t\t\t\t\t<\/div>\n\t\t\t\n\t\t<\/div>\n\t\t\n\t<\/div>\n\n<\/div>\n\n\n<div class=\"uael-post-wrapper  noticias \">\n\n\t<div class=\"uael-post__bg-wrap\">\n\t\t\n\t\t\n\t\t<div class=\"uael-post__inner-wrap uael-post__noimage\">\n\n\t\t\n\t\t\t\n\t\t\t<div class=\"uael-post__content-wrap\">\n\n\t\t\t\t\t<h3 class=\"uael-post__title\">\n\n\t\t\n\t\t\t\t\t\t<a href=\"https:\/\/www.englishqueralto.com\/es\/english-queralto-impartiendo-las-clases-de-extraescolares-en-el-cristofor-mestre\/\" target=\"_self\">\n\t\t\t\tEnglish Queralt\u00f3 impartiendo las clases de extraescolares en el Crist\u00f2for Mestre\t\t\t<\/a>\n\n\t\t\t\t<\/h3>\n\t\t<div class=\"uael-post__separator\"><\/div>\t\t\t<a class=\"uael-post__read-more elementor-button\" href=\"https:\/\/www.englishqueralto.com\/es\/english-queralto-impartiendo-las-clases-de-extraescolares-en-el-cristofor-mestre\/\" target=\"_self\" aria-labelledby=\"uael-post-4017\">\n\t\t\t\t\t<span class=\"elementor-button-content-wrapper\">\n\t\t\t\t\t\t\t\t\t\t\t\t\t\t<span class=\"elementor-button-icon elementor-align-icon-right\">\n\n\t\t\t\t\t\t\t\t\t\n\t\t\t\t\t\t\t\t<\/span>\n\t\t\t\t\t\t\t\t\t\t\t\t\t\n\t\t\t\t\t\t<span class=\"elementor-button-text\" id=uael-post-4017>+ Info<\/span>\n\t\t\t\t\t<\/span>\n\t\t\t\t<\/a>\n\t\t\t\t\t\t<\/div>\n\t\t\t\n\t\t<\/div>\n\t\t\n\t<\/div>\n\n<\/div>\n\n\n<div class=\"uael-post-wrapper  noticias \">\n\n\t<div class=\"uael-post__bg-wrap\">\n\t\t\n\t\t\n\t\t<div class=\"uael-post__inner-wrap uael-post__noimage\">\n\n\t\t\n\t\t\t\n\t\t\t<div class=\"uael-post__content-wrap\">\n\n\t\t\t\t\t<h3 class=\"uael-post__title\">\n\n\t\t\n\t\t\t\t\t\t<a href=\"https:\/\/www.englishqueralto.com\/es\/recordando-que-a-pesar-de-covid-19-excelentes-resultados-de-las-clases-online\/\" target=\"_self\">\n\t\t\t\tRecordando que a pesar de COVID-19, excelentes resultados de las clases online\t\t\t<\/a>\n\n\t\t\t\t<\/h3>\n\t\t<div class=\"uael-post__separator\"><\/div>\t\t\t<a class=\"uael-post__read-more elementor-button\" href=\"https:\/\/www.englishqueralto.com\/es\/recordando-que-a-pesar-de-covid-19-excelentes-resultados-de-las-clases-online\/\" target=\"_self\" aria-labelledby=\"uael-post-4016\">\n\t\t\t\t\t<span class=\"elementor-button-content-wrapper\">\n\t\t\t\t\t\t\t\t\t\t\t\t\t\t<span class=\"elementor-button-icon elementor-align-icon-right\">\n\n\t\t\t\t\t\t\t\t\t\n\t\t\t\t\t\t\t\t<\/span>\n\t\t\t\t\t\t\t\t\t\t\t\t\t\n\t\t\t\t\t\t<span class=\"elementor-button-text\" id=uael-post-4016>+ Info<\/span>\n\t\t\t\t\t<\/span>\n\t\t\t\t<\/a>\n\t\t\t\t\t\t<\/div>\n\t\t\t\n\t\t<\/div>\n\t\t\n\t<\/div>\n\n<\/div>\n\t\t\t\t<\/div>\n\t\t\t\t\t\t<div class=\"uael-post-inf-loader\">\n\t\t\t\t<div class=\"uael-post-loader-1\"><\/div>\n\t\t\t\t<div class=\"uael-post-loader-2\"><\/div>\n\t\t\t\t<div class=\"uael-post-loader-3\"><\/div>\n\t\t\t<\/div>\n\t\t\t\t\t\t\n\t\t<\/div>\n\n\t\t\t\t\t\t<\/div>\n\t\t<div class=\"uael-post__footer\">\n\t\t\t\t\t<\/div>\n\t\t\t\t\t\t<\/div>\n\t\t\t\t<\/div>\n\t\t\t\t\t<\/div>\n\t\t\t\t<\/div>\n\t\t\t\t<\/div>\n\t\t","protected":false},"excerpt":{"rendered":"<p>Noticias British Summer + Info British Summer Camps + Info English Queralt\u00f3 with Vedruna school + Info English Queralt\u00f3 teaching extracurricular classes at Crist\u00f2for Mestre + Info Remembering our excellent results despite COVID-19 + Info<\/p>\n","protected":false},"author":2,"featured_media":0,"parent":0,"menu_order":0,"comment_status":"closed","ping_status":"closed","template":"","meta":{"site-sidebar-layout":"no-sidebar","site-content-layout":"page-builder","ast-site-content-layout":"full-width-container","site-content-style":"default","site-sidebar-style":"default","ast-global-header-display":"","ast-banner-title-visibility":"","ast-main-header-display":"","ast-hfb-above-header-display":"","ast-hfb-below-header-display":"","ast-hfb-mobile-header-display":"","site-post-title":"disabled","ast-breadcrumbs-content":"","ast-featured-img":"disabled","footer-sml-layout":"","ast-disable-related-posts":"","theme-transparent-header-meta":"","adv-header-id-meta":"","stick-header-meta":"","header-above-stick-meta":"","header-main-stick-meta":"","header-below-stick-meta":"","astra-migrate-meta-layouts":"set","ast-page-background-enabled":"default","ast-page-background-meta":{"desktop":{"background-color":"","background-image":"","background-repeat":"repeat","background-position":"center center","background-size":"auto","background-attachment":"scroll","background-type":"","background-media":"","overlay-type":"","overlay-color":"","overlay-opacity":"","overlay-gradient":""},"tablet":{"background-color":"","background-image":"","background-repeat":"repeat","background-position":"center center","background-size":"auto","background-attachment":"scroll","background-type":"","background-media":"","overlay-type":"","overlay-color":"","overlay-opacity":"","overlay-gradient":""},"mobile":{"background-color":"","background-image":"","background-repeat":"repeat","background-position":"center center","background-size":"auto","background-attachment":"scroll","background-type":"","background-media":"","overlay-type":"","overlay-color":"","overlay-opacity":"","overlay-gradient":""}},"ast-content-background-meta":{"desktop":{"background-color":"var(--ast-global-color-5)","background-image":"","background-repeat":"repeat","background-position":"center center","background-size":"auto","background-attachment":"scroll","background-type":"","background-media":"","overlay-type":"","overlay-color":"","overlay-opacity":"","overlay-gradient":""},"tablet":{"background-color":"var(--ast-global-color-5)","background-image":"","background-repeat":"repeat","background-position":"center center","background-size":"auto","background-attachment":"scroll","background-type":"","background-media":"","overlay-type":"","overlay-color":"","overlay-opacity":"","overlay-gradient":""},"mobile":{"background-color":"var(--ast-global-color-5)","background-image":"","background-repeat":"repeat","background-position":"center center","background-size":"auto","background-attachment":"scroll","background-type":"","background-media":"","overlay-type":"","overlay-color":"","overlay-opacity":"","overlay-gradient":""}},"_joinchat":[],"footnotes":""},"class_list":["post-3826","page","type-page","status-publish","hentry"],"yoast_head":"<!-- This site is optimized with the Yoast SEO plugin v27.5 - https:\/\/yoast.com\/product\/yoast-seo-wordpress\/ -->\n<title>Noticias - English Queralt\u00f3 - Angl\u00e8s Vilafranca<\/title>\n<meta name=\"robots\" content=\"index, follow, max-snippet:-1, max-image-preview:large, max-video-preview:-1\" \/>\n<link rel=\"canonical\" href=\"https:\/\/www.englishqueralto.com\/es\/noticias\/\" \/>\n<meta property=\"og:locale\" content=\"es_ES\" \/>\n<meta property=\"og:type\" content=\"article\" \/>\n<meta property=\"og:title\" content=\"Noticias - English Queralt\u00f3 - Angl\u00e8s Vilafranca\" \/>\n<meta property=\"og:description\" content=\"Noticias British Summer + Info British Summer Camps + Info English Queralt\u00f3 with Vedruna school + Info English Queralt\u00f3 teaching extracurricular classes at Crist\u00f2for Mestre + Info Remembering our excellent results despite COVID-19 + Info\" \/>\n<meta property=\"og:url\" content=\"https:\/\/www.englishqueralto.com\/es\/noticias\/\" \/>\n<meta property=\"og:site_name\" content=\"English Queralt\u00f3 - Angl\u00e8s Vilafranca\" \/>\n<meta property=\"article:modified_time\" content=\"2024-05-14T14:09:42+00:00\" \/>\n<meta name=\"twitter:card\" content=\"summary_large_image\" \/>\n<script type=\"application\/ld+json\" class=\"yoast-schema-graph\">{\"@context\":\"https:\\\/\\\/schema.org\",\"@graph\":[{\"@type\":\"WebPage\",\"@id\":\"https:\\\/\\\/www.englishqueralto.com\\\/es\\\/noticias\\\/\",\"url\":\"https:\\\/\\\/www.englishqueralto.com\\\/es\\\/noticias\\\/\",\"name\":\"Noticias - English Queralt\u00f3 - Angl\u00e8s Vilafranca\",\"isPartOf\":{\"@id\":\"https:\\\/\\\/www.englishqueralto.com\\\/#website\"},\"datePublished\":\"2024-03-12T14:42:34+00:00\",\"dateModified\":\"2024-05-14T14:09:42+00:00\",\"breadcrumb\":{\"@id\":\"https:\\\/\\\/www.englishqueralto.com\\\/es\\\/noticias\\\/#breadcrumb\"},\"inLanguage\":\"es\",\"potentialAction\":[{\"@type\":\"ReadAction\",\"target\":[\"https:\\\/\\\/www.englishqueralto.com\\\/es\\\/noticias\\\/\"]}]},{\"@type\":\"BreadcrumbList\",\"@id\":\"https:\\\/\\\/www.englishqueralto.com\\\/es\\\/noticias\\\/#breadcrumb\",\"itemListElement\":[{\"@type\":\"ListItem\",\"position\":1,\"name\":\"Inici\",\"item\":\"https:\\\/\\\/www.englishqueralto.com\\\/en\\\/\"},{\"@type\":\"ListItem\",\"position\":2,\"name\":\"Noticias\"}]},{\"@type\":\"WebSite\",\"@id\":\"https:\\\/\\\/www.englishqueralto.com\\\/#website\",\"url\":\"https:\\\/\\\/www.englishqueralto.com\\\/\",\"name\":\"English Queralt\u00f3\",\"description\":\"L&#039;acad\u00e8mia d&#039;angl\u00e8s de Vilafranca del Pened\u00e8s\",\"publisher\":{\"@id\":\"https:\\\/\\\/www.englishqueralto.com\\\/#organization\"},\"potentialAction\":[{\"@type\":\"SearchAction\",\"target\":{\"@type\":\"EntryPoint\",\"urlTemplate\":\"https:\\\/\\\/www.englishqueralto.com\\\/?s={search_term_string}\"},\"query-input\":{\"@type\":\"PropertyValueSpecification\",\"valueRequired\":true,\"valueName\":\"search_term_string\"}}],\"inLanguage\":\"es\"},{\"@type\":\"Organization\",\"@id\":\"https:\\\/\\\/www.englishqueralto.com\\\/#organization\",\"name\":\"English Queralt\u00f3\",\"url\":\"https:\\\/\\\/www.englishqueralto.com\\\/\",\"logo\":{\"@type\":\"ImageObject\",\"inLanguage\":\"es\",\"@id\":\"https:\\\/\\\/www.englishqueralto.com\\\/#\\\/schema\\\/logo\\\/image\\\/\",\"url\":\"https:\\\/\\\/www.englishqueralto.com\\\/wp-content\\\/uploads\\\/2024\\\/01\\\/logo_englishqueralto.png\",\"contentUrl\":\"https:\\\/\\\/www.englishqueralto.com\\\/wp-content\\\/uploads\\\/2024\\\/01\\\/logo_englishqueralto.png\",\"width\":184,\"height\":90,\"caption\":\"English Queralt\u00f3\"},\"image\":{\"@id\":\"https:\\\/\\\/www.englishqueralto.com\\\/#\\\/schema\\\/logo\\\/image\\\/\"}}]}<\/script>\n<!-- \/ Yoast SEO plugin. -->","yoast_head_json":{"title":"Noticias - English Queralt\u00f3 - Angl\u00e8s Vilafranca","robots":{"index":"index","follow":"follow","max-snippet":"max-snippet:-1","max-image-preview":"max-image-preview:large","max-video-preview":"max-video-preview:-1"},"canonical":"https:\/\/www.englishqueralto.com\/es\/noticias\/","og_locale":"es_ES","og_type":"article","og_title":"Noticias - English Queralt\u00f3 - Angl\u00e8s Vilafranca","og_description":"Noticias British Summer + Info British Summer Camps + Info English Queralt\u00f3 with Vedruna school + Info English Queralt\u00f3 teaching extracurricular classes at Crist\u00f2for Mestre + Info Remembering our excellent results despite COVID-19 + Info","og_url":"https:\/\/www.englishqueralto.com\/es\/noticias\/","og_site_name":"English Queralt\u00f3 - Angl\u00e8s Vilafranca","article_modified_time":"2024-05-14T14:09:42+00:00","twitter_card":"summary_large_image","schema":{"@context":"https:\/\/schema.org","@graph":[{"@type":"WebPage","@id":"https:\/\/www.englishqueralto.com\/es\/noticias\/","url":"https:\/\/www.englishqueralto.com\/es\/noticias\/","name":"Noticias - English Queralt\u00f3 - Angl\u00e8s Vilafranca","isPartOf":{"@id":"https:\/\/www.englishqueralto.com\/#website"},"datePublished":"2024-03-12T14:42:34+00:00","dateModified":"2024-05-14T14:09:42+00:00","breadcrumb":{"@id":"https:\/\/www.englishqueralto.com\/es\/noticias\/#breadcrumb"},"inLanguage":"es","potentialAction":[{"@type":"ReadAction","target":["https:\/\/www.englishqueralto.com\/es\/noticias\/"]}]},{"@type":"BreadcrumbList","@id":"https:\/\/www.englishqueralto.com\/es\/noticias\/#breadcrumb","itemListElement":[{"@type":"ListItem","position":1,"name":"Inici","item":"https:\/\/www.englishqueralto.com\/en\/"},{"@type":"ListItem","position":2,"name":"Noticias"}]},{"@type":"WebSite","@id":"https:\/\/www.englishqueralto.com\/#website","url":"https:\/\/www.englishqueralto.com\/","name":"English Queralt\u00f3","description":"L&#039;acad\u00e8mia d&#039;angl\u00e8s de Vilafranca del Pened\u00e8s","publisher":{"@id":"https:\/\/www.englishqueralto.com\/#organization"},"potentialAction":[{"@type":"SearchAction","target":{"@type":"EntryPoint","urlTemplate":"https:\/\/www.englishqueralto.com\/?s={search_term_string}"},"query-input":{"@type":"PropertyValueSpecification","valueRequired":true,"valueName":"search_term_string"}}],"inLanguage":"es"},{"@type":"Organization","@id":"https:\/\/www.englishqueralto.com\/#organization","name":"English Queralt\u00f3","url":"https:\/\/www.englishqueralto.com\/","logo":{"@type":"ImageObject","inLanguage":"es","@id":"https:\/\/www.englishqueralto.com\/#\/schema\/logo\/image\/","url":"https:\/\/www.englishqueralto.com\/wp-content\/uploads\/2024\/01\/logo_englishqueralto.png","contentUrl":"https:\/\/www.englishqueralto.com\/wp-content\/uploads\/2024\/01\/logo_englishqueralto.png","width":184,"height":90,"caption":"English Queralt\u00f3"},"image":{"@id":"https:\/\/www.englishqueralto.com\/#\/schema\/logo\/image\/"}}]}},"_links":{"self":[{"href":"https:\/\/www.englishqueralto.com\/es\/wp-json\/wp\/v2\/pages\/3826","targetHints":{"allow":["GET"]}}],"collection":[{"href":"https:\/\/www.englishqueralto.com\/es\/wp-json\/wp\/v2\/pages"}],"about":[{"href":"https:\/\/www.englishqueralto.com\/es\/wp-json\/wp\/v2\/types\/page"}],"author":[{"embeddable":true,"href":"https:\/\/www.englishqueralto.com\/es\/wp-json\/wp\/v2\/users\/2"}],"replies":[{"embeddable":true,"href":"https:\/\/www.englishqueralto.com\/es\/wp-json\/wp\/v2\/comments?post=3826"}],"version-history":[{"count":0,"href":"https:\/\/www.englishqueralto.com\/es\/wp-json\/wp\/v2\/pages\/3826\/revisions"}],"wp:attachment":[{"href":"https:\/\/www.englishqueralto.com\/es\/wp-json\/wp\/v2\/media?parent=3826"}],"curies":[{"name":"wp","href":"https:\/\/api.w.org\/{rel}","templated":true}]}}