{"id":3976,"date":"2024-04-22T16:34:50","date_gmt":"2024-04-22T14:34:50","guid":{"rendered":"http:\/\/www.novaenglishqueralto.com.mialias.net\/avis-legal\/"},"modified":"2024-04-22T17:45:32","modified_gmt":"2024-04-22T15:45:32","slug":"aviso-legal","status":"publish","type":"page","link":"https:\/\/www.englishqueralto.com\/es\/aviso-legal\/","title":{"rendered":"Aviso legal"},"content":{"rendered":"\t\t<div data-elementor-type=\"wp-page\" data-elementor-id=\"3976\" class=\"elementor elementor-3976 elementor-3891\">\n\t\t\t\t<div class=\"elementor-element elementor-element-b2ae846 e-flex e-con-boxed e-con e-parent\" data-id=\"b2ae846\" data-element_type=\"container\" data-e-type=\"container\" data-settings=\"{&quot;background_background&quot;:&quot;classic&quot;}\">\n\t\t\t\t\t<div class=\"e-con-inner\">\n\t\t<div class=\"elementor-element elementor-element-3eb5c42 e-flex e-con-boxed e-con e-child\" data-id=\"3eb5c42\" data-element_type=\"container\" data-e-type=\"container\" data-settings=\"{&quot;background_background&quot;:&quot;classic&quot;}\">\n\t\t\t\t\t<div class=\"e-con-inner\">\n\t\t\t\t<div class=\"elementor-element elementor-element-7644f1f elementor-widget elementor-widget-heading\" data-id=\"7644f1f\" data-element_type=\"widget\" data-e-type=\"widget\" data-widget_type=\"heading.default\">\n\t\t\t\t<div class=\"elementor-widget-container\">\n\t\t\t\t\t<h1 class=\"elementor-heading-title elementor-size-default\">Aviso legal<\/h1>\t\t\t\t<\/div>\n\t\t\t\t<\/div>\n\t\t\t\t\t<\/div>\n\t\t\t\t<\/div>\n\t\t\t\t\t<\/div>\n\t\t\t\t<\/div>\n\t\t<div class=\"elementor-element elementor-element-4a95d40 e-flex e-con-boxed e-con e-parent\" data-id=\"4a95d40\" data-element_type=\"container\" data-e-type=\"container\">\n\t\t\t\t\t<div class=\"e-con-inner\">\n\t\t\t\t<div class=\"elementor-element elementor-element-f57760e elementor-widget elementor-widget-heading\" data-id=\"f57760e\" data-element_type=\"widget\" data-e-type=\"widget\" data-widget_type=\"heading.default\">\n\t\t\t\t<div class=\"elementor-widget-container\">\n\t\t\t\t\t<h2 class=\"elementor-heading-title elementor-size-default\">ENGLISH QUERALT\u00d3\n<\/h2>\t\t\t\t<\/div>\n\t\t\t\t<\/div>\n\t\t\t\t<div class=\"elementor-element elementor-element-60672e5 elementor-widget elementor-widget-text-editor\" data-id=\"60672e5\" data-element_type=\"widget\" data-e-type=\"widget\" data-widget_type=\"text-editor.default\">\n\t\t\t\t<div class=\"elementor-widget-container\">\n\t\t\t\t\t\t\t\t\t<p>En cumplimiento del art\u00edculo 10 de la Ley 34\/2002, de 11 de julio, de Servicios de la Sociedad de la Informaci\u00f3n y Comercio Electr\u00f3nico (LSSICE) a continuaci\u00f3n se detallan los datos identificativos del titular:<\/p><p>Titular: <strong>ROSA LLOPART QUERALTO (ENGLISH QUERALT\u00d3)<\/strong><br \/>CIF: <strong>77314024F<\/strong><br \/>Direcci\u00f3n: <strong>C\/ LA LLUNA 2, 1-2 08720 VILAFRANCA DEL PENED\u00c8S<\/strong><br \/>Tel\u00e9fono: <strong>938921803 \u2013 600362519<\/strong><br \/>Email: <a href=\"mailto:rosa@englishqueralto.com\">rosa@englishqueralto.com<\/a><\/p><h3>FINALIDAD DE LA P\u00c1GINA WEB<\/h3><p>Dar informaci\u00f3n de la empresa y los art\u00edculos que comercializa.<br \/>El presente aviso legal (en adelante, el \u00abAviso Legal\u00bb) regula el uso del sitio web:<br \/><a href=\"https:\/\/www.englishqueralto.com\">www.englishqueralto.com<\/a><\/p><h3>LEGISLACI\u00d3N<\/h3><p>Con car\u00e1cter general las relaciones entre <strong>ENGLISH QUERALT\u00d3<\/strong> con los Usuarios de sus servicios telem\u00e1ticos, presentes en este sitio web, se encuentran sometidas a la legislaci\u00f3n y jurisdicci\u00f3n espa\u00f1olas.<\/p><h3>USO Y ACCESO DE USUARIOS<\/h3><p>El Usuario queda informado, y acepta, que el acceso a la presente web no supone, en modo alguno, el inicio de una relaci\u00f3n comercial con ENGLISH QUERALT\u00d3 o cualquiera de sus delegaciones.<\/p><h3>PROPIEDAD INTELECTUAL E INDUSTRIAL<\/h3><p>Los derechos de propiedad intelectual del contenido de las p\u00e1ginas web, su dise\u00f1o gr\u00e1fico y c\u00f3digos son titularidad de ENGLISH QUERALT\u00d3 y, por tanto, queda prohibida su reproducci\u00f3n, distribuci\u00f3n, comunicaci\u00f3n p\u00fablica, transformaci\u00f3n o cualquier otra actividad que se pueda realizar con los contenidos de sus p\u00e1ginas web ni aun citando las fuentes, salvo consentimiento por escrito de ENGLISH QUERALT\u00d3 .<\/p><h3>CONTENIDO DE LA WEB Y ENLACES (LINKS)<\/h3><p>ENGLISH QUERALT\u00d3 se reserva el derecho a actualizar, modificar o eliminar la informaci\u00f3n contenida en sus p\u00e1ginas web pudiendo incluso limitar o no permitir el acceso a dicha informaci\u00f3n a ciertos usuarios.<\/p>\t\t\t\t\t\t\t\t<\/div>\n\t\t\t\t<\/div>\n\t\t\t\t\t<\/div>\n\t\t\t\t<\/div>\n\t\t\t\t<\/div>\n\t\t","protected":false},"excerpt":{"rendered":"<p>Aviso legal ENGLISH QUERALT\u00d3 En cumplimiento del art\u00edculo 10 de la Ley 34\/2002, de 11 de julio, de Servicios de la Sociedad de la Informaci\u00f3n y Comercio Electr\u00f3nico (LSSICE) a continuaci\u00f3n se detallan los datos identificativos del titular: Titular: ROSA LLOPART QUERALTO (ENGLISH QUERALT\u00d3)CIF: 77314024FDirecci\u00f3n: C\/ LA LLUNA 2, 1-2 08720 VILAFRANCA DEL PENED\u00c8STel\u00e9fono: 938921803 [&hellip;]<\/p>\n","protected":false},"author":2,"featured_media":0,"parent":0,"menu_order":0,"comment_status":"closed","ping_status":"closed","template":"","meta":{"site-sidebar-layout":"no-sidebar","site-content-layout":"page-builder","ast-site-content-layout":"full-width-container","site-content-style":"default","site-sidebar-style":"default","ast-global-header-display":"","ast-banner-title-visibility":"","ast-main-header-display":"","ast-hfb-above-header-display":"","ast-hfb-below-header-display":"","ast-hfb-mobile-header-display":"","site-post-title":"disabled","ast-breadcrumbs-content":"","ast-featured-img":"disabled","footer-sml-layout":"","ast-disable-related-posts":"","theme-transparent-header-meta":"","adv-header-id-meta":"","stick-header-meta":"","header-above-stick-meta":"","header-main-stick-meta":"","header-below-stick-meta":"","astra-migrate-meta-layouts":"set","ast-page-background-enabled":"default","ast-page-background-meta":{"desktop":{"background-color":"","background-image":"","background-repeat":"repeat","background-position":"center center","background-size":"auto","background-attachment":"scroll","background-type":"","background-media":"","overlay-type":"","overlay-color":"","overlay-opacity":"","overlay-gradient":""},"tablet":{"background-color":"","background-image":"","background-repeat":"repeat","background-position":"center center","background-size":"auto","background-attachment":"scroll","background-type":"","background-media":"","overlay-type":"","overlay-color":"","overlay-opacity":"","overlay-gradient":""},"mobile":{"background-color":"","background-image":"","background-repeat":"repeat","background-position":"center center","background-size":"auto","background-attachment":"scroll","background-type":"","background-media":"","overlay-type":"","overlay-color":"","overlay-opacity":"","overlay-gradient":""}},"ast-content-background-meta":{"desktop":{"background-color":"var(--ast-global-color-5)","background-image":"","background-repeat":"repeat","background-position":"center center","background-size":"auto","background-attachment":"scroll","background-type":"","background-media":"","overlay-type":"","overlay-color":"","overlay-opacity":"","overlay-gradient":""},"tablet":{"background-color":"var(--ast-global-color-5)","background-image":"","background-repeat":"repeat","background-position":"center center","background-size":"auto","background-attachment":"scroll","background-type":"","background-media":"","overlay-type":"","overlay-color":"","overlay-opacity":"","overlay-gradient":""},"mobile":{"background-color":"var(--ast-global-color-5)","background-image":"","background-repeat":"repeat","background-position":"center center","background-size":"auto","background-attachment":"scroll","background-type":"","background-media":"","overlay-type":"","overlay-color":"","overlay-opacity":"","overlay-gradient":""}},"_joinchat":[],"footnotes":""},"class_list":["post-3976","page","type-page","status-publish","hentry"],"yoast_head":"<!-- This site is optimized with the Yoast SEO plugin v27.5 - https:\/\/yoast.com\/product\/yoast-seo-wordpress\/ -->\n<title>Aviso legal - English Queralt\u00f3 - Angl\u00e8s Vilafranca<\/title>\n<meta name=\"robots\" content=\"index, follow, max-snippet:-1, max-image-preview:large, max-video-preview:-1\" \/>\n<link rel=\"canonical\" href=\"https:\/\/www.englishqueralto.com\/es\/aviso-legal\/\" \/>\n<meta property=\"og:locale\" content=\"es_ES\" \/>\n<meta property=\"og:type\" content=\"article\" \/>\n<meta property=\"og:title\" content=\"Aviso legal - English Queralt\u00f3 - Angl\u00e8s Vilafranca\" \/>\n<meta property=\"og:description\" content=\"Aviso legal ENGLISH QUERALT\u00d3 En cumplimiento del art\u00edculo 10 de la Ley 34\/2002, de 11 de julio, de Servicios de la Sociedad de la Informaci\u00f3n y Comercio Electr\u00f3nico (LSSICE) a continuaci\u00f3n se detallan los datos identificativos del titular: Titular: ROSA LLOPART QUERALTO (ENGLISH QUERALT\u00d3)CIF: 77314024FDirecci\u00f3n: C\/ LA LLUNA 2, 1-2 08720 VILAFRANCA DEL PENED\u00c8STel\u00e9fono: 938921803 [&hellip;]\" \/>\n<meta property=\"og:url\" content=\"https:\/\/www.englishqueralto.com\/es\/aviso-legal\/\" \/>\n<meta property=\"og:site_name\" content=\"English Queralt\u00f3 - Angl\u00e8s Vilafranca\" \/>\n<meta property=\"article:modified_time\" content=\"2024-04-22T15:45:32+00:00\" \/>\n<meta name=\"twitter:card\" content=\"summary_large_image\" \/>\n<meta name=\"twitter:label1\" content=\"Tiempo de lectura\" \/>\n\t<meta name=\"twitter:data1\" content=\"1 minuto\" \/>\n<script type=\"application\/ld+json\" class=\"yoast-schema-graph\">{\"@context\":\"https:\\\/\\\/schema.org\",\"@graph\":[{\"@type\":\"WebPage\",\"@id\":\"https:\\\/\\\/www.englishqueralto.com\\\/es\\\/aviso-legal\\\/\",\"url\":\"https:\\\/\\\/www.englishqueralto.com\\\/es\\\/aviso-legal\\\/\",\"name\":\"Aviso legal - English Queralt\u00f3 - Angl\u00e8s Vilafranca\",\"isPartOf\":{\"@id\":\"https:\\\/\\\/www.englishqueralto.com\\\/#website\"},\"datePublished\":\"2024-04-22T14:34:50+00:00\",\"dateModified\":\"2024-04-22T15:45:32+00:00\",\"breadcrumb\":{\"@id\":\"https:\\\/\\\/www.englishqueralto.com\\\/es\\\/aviso-legal\\\/#breadcrumb\"},\"inLanguage\":\"es\",\"potentialAction\":[{\"@type\":\"ReadAction\",\"target\":[\"https:\\\/\\\/www.englishqueralto.com\\\/es\\\/aviso-legal\\\/\"]}]},{\"@type\":\"BreadcrumbList\",\"@id\":\"https:\\\/\\\/www.englishqueralto.com\\\/es\\\/aviso-legal\\\/#breadcrumb\",\"itemListElement\":[{\"@type\":\"ListItem\",\"position\":1,\"name\":\"Inici\",\"item\":\"https:\\\/\\\/www.englishqueralto.com\\\/en\\\/\"},{\"@type\":\"ListItem\",\"position\":2,\"name\":\"Aviso legal\"}]},{\"@type\":\"WebSite\",\"@id\":\"https:\\\/\\\/www.englishqueralto.com\\\/#website\",\"url\":\"https:\\\/\\\/www.englishqueralto.com\\\/\",\"name\":\"English Queralt\u00f3\",\"description\":\"L&#039;acad\u00e8mia d&#039;angl\u00e8s de Vilafranca del Pened\u00e8s\",\"publisher\":{\"@id\":\"https:\\\/\\\/www.englishqueralto.com\\\/#organization\"},\"potentialAction\":[{\"@type\":\"SearchAction\",\"target\":{\"@type\":\"EntryPoint\",\"urlTemplate\":\"https:\\\/\\\/www.englishqueralto.com\\\/?s={search_term_string}\"},\"query-input\":{\"@type\":\"PropertyValueSpecification\",\"valueRequired\":true,\"valueName\":\"search_term_string\"}}],\"inLanguage\":\"es\"},{\"@type\":\"Organization\",\"@id\":\"https:\\\/\\\/www.englishqueralto.com\\\/#organization\",\"name\":\"English Queralt\u00f3\",\"url\":\"https:\\\/\\\/www.englishqueralto.com\\\/\",\"logo\":{\"@type\":\"ImageObject\",\"inLanguage\":\"es\",\"@id\":\"https:\\\/\\\/www.englishqueralto.com\\\/#\\\/schema\\\/logo\\\/image\\\/\",\"url\":\"https:\\\/\\\/www.englishqueralto.com\\\/wp-content\\\/uploads\\\/2024\\\/01\\\/logo_englishqueralto.png\",\"contentUrl\":\"https:\\\/\\\/www.englishqueralto.com\\\/wp-content\\\/uploads\\\/2024\\\/01\\\/logo_englishqueralto.png\",\"width\":184,\"height\":90,\"caption\":\"English Queralt\u00f3\"},\"image\":{\"@id\":\"https:\\\/\\\/www.englishqueralto.com\\\/#\\\/schema\\\/logo\\\/image\\\/\"}}]}<\/script>\n<!-- \/ Yoast SEO plugin. -->","yoast_head_json":{"title":"Aviso legal - English Queralt\u00f3 - Angl\u00e8s Vilafranca","robots":{"index":"index","follow":"follow","max-snippet":"max-snippet:-1","max-image-preview":"max-image-preview:large","max-video-preview":"max-video-preview:-1"},"canonical":"https:\/\/www.englishqueralto.com\/es\/aviso-legal\/","og_locale":"es_ES","og_type":"article","og_title":"Aviso legal - English Queralt\u00f3 - Angl\u00e8s Vilafranca","og_description":"Aviso legal ENGLISH QUERALT\u00d3 En cumplimiento del art\u00edculo 10 de la Ley 34\/2002, de 11 de julio, de Servicios de la Sociedad de la Informaci\u00f3n y Comercio Electr\u00f3nico (LSSICE) a continuaci\u00f3n se detallan los datos identificativos del titular: Titular: ROSA LLOPART QUERALTO (ENGLISH QUERALT\u00d3)CIF: 77314024FDirecci\u00f3n: C\/ LA LLUNA 2, 1-2 08720 VILAFRANCA DEL PENED\u00c8STel\u00e9fono: 938921803 [&hellip;]","og_url":"https:\/\/www.englishqueralto.com\/es\/aviso-legal\/","og_site_name":"English Queralt\u00f3 - Angl\u00e8s Vilafranca","article_modified_time":"2024-04-22T15:45:32+00:00","twitter_card":"summary_large_image","twitter_misc":{"Tiempo de lectura":"1 minuto"},"schema":{"@context":"https:\/\/schema.org","@graph":[{"@type":"WebPage","@id":"https:\/\/www.englishqueralto.com\/es\/aviso-legal\/","url":"https:\/\/www.englishqueralto.com\/es\/aviso-legal\/","name":"Aviso legal - English Queralt\u00f3 - Angl\u00e8s Vilafranca","isPartOf":{"@id":"https:\/\/www.englishqueralto.com\/#website"},"datePublished":"2024-04-22T14:34:50+00:00","dateModified":"2024-04-22T15:45:32+00:00","breadcrumb":{"@id":"https:\/\/www.englishqueralto.com\/es\/aviso-legal\/#breadcrumb"},"inLanguage":"es","potentialAction":[{"@type":"ReadAction","target":["https:\/\/www.englishqueralto.com\/es\/aviso-legal\/"]}]},{"@type":"BreadcrumbList","@id":"https:\/\/www.englishqueralto.com\/es\/aviso-legal\/#breadcrumb","itemListElement":[{"@type":"ListItem","position":1,"name":"Inici","item":"https:\/\/www.englishqueralto.com\/en\/"},{"@type":"ListItem","position":2,"name":"Aviso legal"}]},{"@type":"WebSite","@id":"https:\/\/www.englishqueralto.com\/#website","url":"https:\/\/www.englishqueralto.com\/","name":"English Queralt\u00f3","description":"L&#039;acad\u00e8mia d&#039;angl\u00e8s de Vilafranca del Pened\u00e8s","publisher":{"@id":"https:\/\/www.englishqueralto.com\/#organization"},"potentialAction":[{"@type":"SearchAction","target":{"@type":"EntryPoint","urlTemplate":"https:\/\/www.englishqueralto.com\/?s={search_term_string}"},"query-input":{"@type":"PropertyValueSpecification","valueRequired":true,"valueName":"search_term_string"}}],"inLanguage":"es"},{"@type":"Organization","@id":"https:\/\/www.englishqueralto.com\/#organization","name":"English Queralt\u00f3","url":"https:\/\/www.englishqueralto.com\/","logo":{"@type":"ImageObject","inLanguage":"es","@id":"https:\/\/www.englishqueralto.com\/#\/schema\/logo\/image\/","url":"https:\/\/www.englishqueralto.com\/wp-content\/uploads\/2024\/01\/logo_englishqueralto.png","contentUrl":"https:\/\/www.englishqueralto.com\/wp-content\/uploads\/2024\/01\/logo_englishqueralto.png","width":184,"height":90,"caption":"English Queralt\u00f3"},"image":{"@id":"https:\/\/www.englishqueralto.com\/#\/schema\/logo\/image\/"}}]}},"_links":{"self":[{"href":"https:\/\/www.englishqueralto.com\/es\/wp-json\/wp\/v2\/pages\/3976","targetHints":{"allow":["GET"]}}],"collection":[{"href":"https:\/\/www.englishqueralto.com\/es\/wp-json\/wp\/v2\/pages"}],"about":[{"href":"https:\/\/www.englishqueralto.com\/es\/wp-json\/wp\/v2\/types\/page"}],"author":[{"embeddable":true,"href":"https:\/\/www.englishqueralto.com\/es\/wp-json\/wp\/v2\/users\/2"}],"replies":[{"embeddable":true,"href":"https:\/\/www.englishqueralto.com\/es\/wp-json\/wp\/v2\/comments?post=3976"}],"version-history":[{"count":0,"href":"https:\/\/www.englishqueralto.com\/es\/wp-json\/wp\/v2\/pages\/3976\/revisions"}],"wp:attachment":[{"href":"https:\/\/www.englishqueralto.com\/es\/wp-json\/wp\/v2\/media?parent=3976"}],"curies":[{"name":"wp","href":"https:\/\/api.w.org\/{rel}","templated":true}]}}